{"id":4815,"date":"2026-03-03T12:57:09","date_gmt":"2026-03-03T12:57:09","guid":{"rendered":"https:\/\/escola.cientis.pt\/site\/FIT\/?page_id=4815"},"modified":"2026-03-10T17:20:28","modified_gmt":"2026-03-10T17:20:28","slug":"subscricao-pagina-nova","status":"publish","type":"page","link":"https:\/\/escola.cientis.pt\/site\/FIT\/subscricao-pagina-nova\/","title":{"rendered":"Condi\u00e7\u00f5es de Subscri\u00e7\u00e3o"},"content":{"rendered":"\t\t<div data-elementor-type=\"wp-page\" data-elementor-id=\"4815\" class=\"elementor elementor-4815\">\n\t\t\t\t<div class=\"elementor-element elementor-element-740ffcf3 e-flex e-con-boxed e-con e-parent\" data-id=\"740ffcf3\" data-element_type=\"container\" data-e-type=\"container\" data-settings=\"{&quot;background_background&quot;:&quot;classic&quot;}\">\n\t\t\t\t\t<div class=\"e-con-inner\">\n\t\t\t\t<div class=\"elementor-element elementor-element-537912a3 exad-sticky-section-no exad-glass-effect-no elementor-widget elementor-widget-elementskit-heading\" data-id=\"537912a3\" data-element_type=\"widget\" data-e-type=\"widget\" data-widget_type=\"elementskit-heading.default\">\n\t\t\t\t<div class=\"elementor-widget-container\">\n\t\t\t\t\t<div class=\"ekit-wid-con\" ><div class=\"ekit-heading elementskit-section-title-wraper text_left   ekit_heading_tablet-   ekit_heading_mobile-\"><h2 class=\"ekit-heading--title elementskit-section-title \">Condi\u00e7\u00f5es de Subscri\u00e7\u00e3o<\/h2><\/div><\/div>\t\t\t\t<\/div>\n\t\t\t\t<\/div>\n\t\t\t\t\t<\/div>\n\t\t\t\t<\/div>\n\t\t<div class=\"elementor-element elementor-element-618b2a45 e-flex e-con-boxed e-con e-parent\" data-id=\"618b2a45\" data-element_type=\"container\" data-e-type=\"container\" data-settings=\"{&quot;background_background&quot;:&quot;classic&quot;}\">\n\t\t\t\t\t<div class=\"e-con-inner\">\n\t\t<div class=\"elementor-element elementor-element-4ad4828 e-con-full e-flex e-con e-child\" data-id=\"4ad4828\" data-element_type=\"container\" data-e-type=\"container\">\n\t\t\t\t<div class=\"elementor-element elementor-element-2c23a7a1 exad-sticky-section-no exad-glass-effect-no elementor-widget elementor-widget-elementskit-heading\" data-id=\"2c23a7a1\" data-element_type=\"widget\" data-e-type=\"widget\" data-widget_type=\"elementskit-heading.default\">\n\t\t\t\t<div class=\"elementor-widget-container\">\n\t\t\t\t\t<div class=\"ekit-wid-con\" ><div class=\"ekit-heading elementskit-section-title-wraper text_center   ekit_heading_tablet-   ekit_heading_mobile-\"><h2 class=\"ekit-heading--title elementskit-section-title \">Subscri\u00e7\u00e3o<\/h2><\/div><\/div>\t\t\t\t<\/div>\n\t\t\t\t<\/div>\n\t\t\t\t<div class=\"elementor-element elementor-element-224e9440 exad-sticky-section-no exad-glass-effect-no elementor-widget elementor-widget-elementskit-heading\" data-id=\"224e9440\" data-element_type=\"widget\" data-e-type=\"widget\" data-widget_type=\"elementskit-heading.default\">\n\t\t\t\t<div class=\"elementor-widget-container\">\n\t\t\t\t\t<div class=\"ekit-wid-con\" ><div class=\"ekit-heading elementskit-section-title-wraper text_center   ekit_heading_tablet-   ekit_heading_mobile-\"><h2 class=\"ekit-heading--title elementskit-section-title \">Condi\u00e7\u00f5es<\/h2><\/div><\/div>\t\t\t\t<\/div>\n\t\t\t\t<\/div>\n\t\t\t\t<\/div>\n\t\t<div class=\"elementor-element elementor-element-1b0b1a20 e-con-full e-flex e-con e-child\" data-id=\"1b0b1a20\" data-element_type=\"container\" data-e-type=\"container\">\n\t\t\t\t<div class=\"elementor-element elementor-element-2645b92 exad-sticky-section-no exad-glass-effect-no elementor-widget elementor-widget-Table\" data-id=\"2645b92\" data-element_type=\"widget\" data-e-type=\"widget\" data-widget_type=\"Table.default\">\n\t\t\t\t<div class=\"elementor-widget-container\">\n\t\t\t\t\t\t\t<table class=\"tafe-table \">\n\t\t\t<thead  class=\"tafe-table-header\">\n\t\t\t\t<tr>\n\t\t\t\t\t<th class=\"elementor-inline-editing elementor-repeater-item-89c087c\"   >Tipologia <\/th><th class=\"elementor-inline-editing elementor-repeater-item-2039272\"   >Valor da Mensalidade<\/th>\t\t\t\t<\/tr>\n\t\t\t<\/thead>\n\t\t\t\t\t\t<tbody class=\"tafe-table-body\">\n\t\t\t\t<tr>\n\t\t\t\t\t<\/tr><tr><td data-label=\"Tipologia\"   class=\"elementor-repeater-item-aa2a0c7 td-content-type-default\" >At\u00e9 3\n<\/td><td data-label=\"Valor da Mensalidade\"   class=\"elementor-repeater-item-30c2ce4 td-content-type-default\" >33,33\u20ac + IVA<\/td><\/tr><tr><td data-label=\"Tipologia\"   class=\"elementor-repeater-item-f51f497 td-content-type-default\" >De 4 a 6<\/td><td data-label=\"Valor da Mensalidade\"   class=\"elementor-repeater-item-9232d24 td-content-type-default\" >79,17\u20ac + IVA<\/td><\/tr><tr><td data-label=\"Tipologia\"   class=\"elementor-repeater-item-63eabff td-content-type-default\" >De 7 a 10<\/td><td data-label=\"Valor da Mensalidade\"   class=\"elementor-repeater-item-98c48e7 td-content-type-default\" >125\u20ac + IVA<\/td><\/tr><tr><td data-label=\"Tipologia\"   class=\"elementor-repeater-item-8b49e50 td-content-type-default\" >11 ou mais<\/td><td data-label=\"Valor da Mensalidade\"   class=\"elementor-repeater-item-1ea2a11 td-content-type-default\" >175\u20ac + IVA<\/td>\t\t\t\t<\/tr>\n\t\t\t<\/tbody>\n\t\t<\/table>\n\t\t\n\t\t\t\t\t\t<\/div>\n\t\t\t\t<\/div>\n\t\t\t\t<div class=\"elementor-element elementor-element-f46b94c exad-sticky-section-no exad-glass-effect-no elementor-widget elementor-widget-text-editor\" data-id=\"f46b94c\" data-element_type=\"widget\" data-e-type=\"widget\" data-widget_type=\"text-editor.default\">\n\t\t\t\t<div class=\"elementor-widget-container\">\n\t\t\t\t\t\t\t\t\t<p><strong>Nota:<\/strong> Farm\u00e1cias n\u00e3o subscritoras do Programa FIT\u00ae, poder\u00e3o inscrever os colaboradores nos cursos, mediante pagamento por inscri\u00e7\u00e3o (consultar valores no <span style=\"color: #3366ff;\"><a style=\"color: #3366ff;\" href=\"https:\/\/escola.cientis.pt\/\" target=\"_blank\" rel=\"noopener\"><span style=\"text-decoration: underline;\">site da Escola<\/span><\/a><\/span>).<\/p>\t\t\t\t\t\t\t\t<\/div>\n\t\t\t\t<\/div>\n\t\t\t\t<\/div>\n\t\t\t\t\t<\/div>\n\t\t\t\t<\/div>\n\t\t<div class=\"elementor-element elementor-element-1ca5b86 e-flex e-con-boxed e-con e-parent\" data-id=\"1ca5b86\" data-element_type=\"container\" data-e-type=\"container\" data-settings=\"{&quot;background_background&quot;:&quot;classic&quot;}\">\n\t\t\t\t\t<div class=\"e-con-inner\">\n\t\t<div class=\"elementor-element elementor-element-0bc9b59 e-con-full e-flex e-con e-child\" data-id=\"0bc9b59\" data-element_type=\"container\" data-e-type=\"container\">\n\t\t\t\t<\/div>\n\t\t<div class=\"elementor-element elementor-element-0c03fdb e-con-full e-flex e-con e-child\" data-id=\"0c03fdb\" data-element_type=\"container\" data-e-type=\"container\">\n\t\t\t\t<div class=\"elementor-element elementor-element-8f7cb70 elementor-button-warning elementor-align-center elementor-widget__width-initial elementor-widget-laptop__width-initial exad-sticky-section-no exad-glass-effect-no elementor-widget elementor-widget-button\" data-id=\"8f7cb70\" data-element_type=\"widget\" data-e-type=\"widget\" data-widget_type=\"button.default\">\n\t\t\t\t<div class=\"elementor-widget-container\">\n\t\t\t\t\t\t\t\t\t<div class=\"elementor-button-wrapper\">\n\t\t\t\t\t<a class=\"elementor-button elementor-button-link elementor-size-md\" href=\"https:\/\/forms.office.com\/Pages\/ResponsePage.aspx?id=lCYI-XlTEkm74Rxem2c3116yNjEAW4ZPlXY1U5ptPEhUNzJUR0ZVRERFM1E1QVRNQ1RGTExCTExMSy4u\" target=\"_blank\">\n\t\t\t\t\t\t<span class=\"elementor-button-content-wrapper\">\n\t\t\t\t\t\t\t\t\t<span class=\"elementor-button-text\">Quero aderir<\/span>\n\t\t\t\t\t<\/span>\n\t\t\t\t\t<\/a>\n\t\t\t\t<\/div>\n\t\t\t\t\t\t\t\t<\/div>\n\t\t\t\t<\/div>\n\t\t\t\t<\/div>\n\t\t<div class=\"elementor-element elementor-element-53e87b4 e-con-full e-flex e-con e-child\" data-id=\"53e87b4\" data-element_type=\"container\" data-e-type=\"container\">\n\t\t\t\t<div class=\"elementor-element elementor-element-396e44a elementor-button-warning elementor-align-center elementor-widget__width-initial elementor-widget-laptop__width-initial exad-sticky-section-no exad-glass-effect-no elementor-widget elementor-widget-button\" data-id=\"396e44a\" data-element_type=\"widget\" data-e-type=\"widget\" data-widget_type=\"button.default\">\n\t\t\t\t<div class=\"elementor-widget-container\">\n\t\t\t\t\t\t\t\t\t<div class=\"elementor-button-wrapper\">\n\t\t\t\t\t<a class=\"elementor-button elementor-button-link elementor-size-md\" href=\"https:\/\/forms.office.com\/Pages\/ResponsePage.aspx?id=lCYI-XlTEkm74Rxem2c3116yNjEAW4ZPlXY1U5ptPEhUQjczWjZXTUtGSVRRRkM0NVZNWDJFT1hQOS4u\" target=\"_blank\">\n\t\t\t\t\t\t<span class=\"elementor-button-content-wrapper\">\n\t\t\t\t\t\t\t\t\t<span class=\"elementor-button-text\">Preciso de ajuda<\/span>\n\t\t\t\t\t<\/span>\n\t\t\t\t\t<\/a>\n\t\t\t\t<\/div>\n\t\t\t\t\t\t\t\t<\/div>\n\t\t\t\t<\/div>\n\t\t\t\t<\/div>\n\t\t<div class=\"elementor-element elementor-element-62a33e3 e-con-full e-flex e-con e-child\" data-id=\"62a33e3\" data-element_type=\"container\" data-e-type=\"container\">\n\t\t\t\t<\/div>\n\t\t\t\t\t<\/div>\n\t\t\t\t<\/div>\n\t\t\t\t<\/div>\n\t\t","protected":false},"excerpt":{"rendered":"<p>Condi\u00e7\u00f5es de Subscri\u00e7\u00e3o Subscri\u00e7\u00e3o Condi\u00e7\u00f5es Tipologia Valor da Mensalidade At\u00e9 3 33,33\u20ac + IVA De 4 a 6 79,17\u20ac + IVA De 7 a 10 125\u20ac + IVA 11 ou mais 175\u20ac + IVA Nota: Farm\u00e1cias n\u00e3o subscritoras do Programa FIT\u00ae, poder\u00e3o inscrever os colaboradores nos cursos, mediante pagamento por inscri\u00e7\u00e3o (consultar valores no site da Escola). Quero aderir Preciso de ajuda<\/p>\n","protected":false},"author":4,"featured_media":0,"parent":0,"menu_order":0,"comment_status":"closed","ping_status":"closed","template":"elementor_header_footer","meta":{"footnotes":""},"class_list":["post-4815","page","type-page","status-publish"],"_links":{"self":[{"href":"https:\/\/escola.cientis.pt\/site\/FIT\/wp-json\/wp\/v2\/pages\/4815","targetHints":{"allow":["GET"]}}],"collection":[{"href":"https:\/\/escola.cientis.pt\/site\/FIT\/wp-json\/wp\/v2\/pages"}],"about":[{"href":"https:\/\/escola.cientis.pt\/site\/FIT\/wp-json\/wp\/v2\/types\/page"}],"author":[{"embeddable":true,"href":"https:\/\/escola.cientis.pt\/site\/FIT\/wp-json\/wp\/v2\/users\/4"}],"replies":[{"embeddable":true,"href":"https:\/\/escola.cientis.pt\/site\/FIT\/wp-json\/wp\/v2\/comments?post=4815"}],"version-history":[{"count":14,"href":"https:\/\/escola.cientis.pt\/site\/FIT\/wp-json\/wp\/v2\/pages\/4815\/revisions"}],"predecessor-version":[{"id":5016,"href":"https:\/\/escola.cientis.pt\/site\/FIT\/wp-json\/wp\/v2\/pages\/4815\/revisions\/5016"}],"wp:attachment":[{"href":"https:\/\/escola.cientis.pt\/site\/FIT\/wp-json\/wp\/v2\/media?parent=4815"}],"curies":[{"name":"wp","href":"https:\/\/api.w.org\/{rel}","templated":true}]}}