{"id":4675,"date":"2026-03-03T11:48:51","date_gmt":"2026-03-03T11:48:51","guid":{"rendered":"https:\/\/escola.cientis.pt\/site\/FIT\/?page_id=4675"},"modified":"2026-03-10T17:46:13","modified_gmt":"2026-03-10T17:46:13","slug":"areas-pagina-nova","status":"publish","type":"page","link":"https:\/\/escola.cientis.pt\/site\/FIT\/areas-pagina-nova\/","title":{"rendered":"Certifica\u00e7\u00e3o anual"},"content":{"rendered":"\t\t<div data-elementor-type=\"wp-page\" data-elementor-id=\"4675\" class=\"elementor elementor-4675\">\n\t\t\t\t<div class=\"elementor-element elementor-element-740ffcf3 e-flex e-con-boxed e-con e-parent\" data-id=\"740ffcf3\" data-element_type=\"container\" data-e-type=\"container\" data-settings=\"{&quot;background_background&quot;:&quot;classic&quot;}\">\n\t\t\t\t\t<div class=\"e-con-inner\">\n\t\t\t\t<div class=\"elementor-element elementor-element-537912a3 exad-sticky-section-no exad-glass-effect-no elementor-widget elementor-widget-elementskit-heading\" data-id=\"537912a3\" data-element_type=\"widget\" data-e-type=\"widget\" data-widget_type=\"elementskit-heading.default\">\n\t\t\t\t<div class=\"elementor-widget-container\">\n\t\t\t\t\t<div class=\"ekit-wid-con\" ><div class=\"ekit-heading elementskit-section-title-wraper text_left   ekit_heading_tablet-   ekit_heading_mobile-\"><h2 class=\"ekit-heading--title elementskit-section-title \">CERTIFICA\u00c7\u00c3O ANUAL FIT\u00ae<\/h2><\/div><\/div>\t\t\t\t<\/div>\n\t\t\t\t<\/div>\n\t\t\t\t\t<\/div>\n\t\t\t\t<\/div>\n\t\t<div class=\"elementor-element elementor-element-92a77f4 e-flex e-con-boxed e-con e-parent\" data-id=\"92a77f4\" data-element_type=\"container\" data-e-type=\"container\" data-settings=\"{&quot;background_background&quot;:&quot;classic&quot;}\">\n\t\t\t\t\t<div class=\"e-con-inner\">\n\t\t<div class=\"elementor-element elementor-element-ee57cab e-con-full e-flex e-con e-child\" data-id=\"ee57cab\" data-element_type=\"container\" data-e-type=\"container\">\n\t\t\t\t<div class=\"elementor-element elementor-element-ab76ad2 exad-sticky-section-no exad-glass-effect-no elementor-widget elementor-widget-elementskit-heading\" data-id=\"ab76ad2\" data-element_type=\"widget\" data-e-type=\"widget\" data-widget_type=\"elementskit-heading.default\">\n\t\t\t\t<div class=\"elementor-widget-container\">\n\t\t\t\t\t<div class=\"ekit-wid-con\" ><div class=\"ekit-heading elementskit-section-title-wraper text_center   ekit_heading_tablet-   ekit_heading_mobile-\"><h2 class=\"ekit-heading--title elementskit-section-title \">Certifica\u00e7\u00e3o<\/h2><\/div><\/div>\t\t\t\t<\/div>\n\t\t\t\t<\/div>\n\t\t\t\t<div class=\"elementor-element elementor-element-473705b exad-sticky-section-no exad-glass-effect-no elementor-widget elementor-widget-elementskit-heading\" data-id=\"473705b\" data-element_type=\"widget\" data-e-type=\"widget\" data-widget_type=\"elementskit-heading.default\">\n\t\t\t\t<div class=\"elementor-widget-container\">\n\t\t\t\t\t<div class=\"ekit-wid-con\" ><div class=\"ekit-heading elementskit-section-title-wraper text_center   ekit_heading_tablet-   ekit_heading_mobile-\"><h2 class=\"ekit-heading--title elementskit-section-title \">anual fit\u00ae<\/h2><\/div><\/div>\t\t\t\t<\/div>\n\t\t\t\t<\/div>\n\t\t\t\t<\/div>\n\t\t\t\t\t<\/div>\n\t\t\t\t<\/div>\n\t\t<div class=\"elementor-element elementor-element-da41196 e-flex e-con-boxed e-con e-parent\" data-id=\"da41196\" data-element_type=\"container\" data-e-type=\"container\" data-settings=\"{&quot;background_background&quot;:&quot;classic&quot;}\">\n\t\t\t\t\t<div class=\"e-con-inner\">\n\t\t<div class=\"elementor-element elementor-element-fad2409 e-con-full e-flex e-con e-child\" data-id=\"fad2409\" data-element_type=\"container\" data-e-type=\"container\">\n\t\t\t\t<div class=\"elementor-element elementor-element-7c4c219 exad-sticky-section-no exad-glass-effect-no elementor-widget elementor-widget-text-editor\" data-id=\"7c4c219\" data-element_type=\"widget\" data-e-type=\"widget\" data-widget_type=\"text-editor.default\">\n\t\t\t\t<div class=\"elementor-widget-container\">\n\t\t\t\t\t\t\t\t\t<p>O formando para obter a Certifica\u00e7\u00e3o Anual FIT\u00ae tem que concluir com sucesso, pelo menos, <strong>30h de Forma\u00e7\u00e3o<\/strong> <strong>na<\/strong> <strong>\u00c1rea Nuclear<\/strong> e <strong>10h de Forma\u00e7\u00e3o na \u00c1rea Sat\u00e9lite<\/strong> ou um <strong>total m\u00ednimo de 40h de Forma\u00e7\u00e3o na \u00c1rea Nuclear<\/strong>.<\/p><p>No final do ano civil \u00e9 atribu\u00eddo o Certifica\u00e7\u00e3o Anual FIT\u00ae aos formandos que cumpram os crit\u00e9rios acima referidos.<\/p>\t\t\t\t\t\t\t\t<\/div>\n\t\t\t\t<\/div>\n\t\t\t\t<\/div>\n\t\t\t\t\t<\/div>\n\t\t\t\t<\/div>\n\t\t<div class=\"elementor-element elementor-element-27d7a28 e-flex e-con-boxed e-con e-parent\" data-id=\"27d7a28\" data-element_type=\"container\" data-e-type=\"container\" data-settings=\"{&quot;background_background&quot;:&quot;classic&quot;}\">\n\t\t\t\t\t<div class=\"e-con-inner\">\n\t\t<div class=\"elementor-element elementor-element-f81eb5e e-con-full e-flex e-con e-child\" data-id=\"f81eb5e\" data-element_type=\"container\" data-e-type=\"container\">\n\t\t\t\t<div class=\"elementor-element elementor-element-04c1fea exad-sticky-section-no exad-glass-effect-no elementor-widget elementor-widget-heading\" data-id=\"04c1fea\" data-element_type=\"widget\" data-e-type=\"widget\" data-widget_type=\"heading.default\">\n\t\t\t\t<div class=\"elementor-widget-container\">\n\t\t\t\t\t<h2 class=\"elementor-heading-title elementor-size-default\">30h<\/h2>\t\t\t\t<\/div>\n\t\t\t\t<\/div>\n\t\t\t\t<div class=\"elementor-element elementor-element-dbafbfb exad-sticky-section-no exad-glass-effect-no elementor-widget elementor-widget-text-editor\" data-id=\"dbafbfb\" data-element_type=\"widget\" data-e-type=\"widget\" data-widget_type=\"text-editor.default\">\n\t\t\t\t<div class=\"elementor-widget-container\">\n\t\t\t\t\t\t\t\t\t<p>de Forma\u00e7\u00e3o na<\/p><p>\u00c1rea Nuclear<\/p>\t\t\t\t\t\t\t\t<\/div>\n\t\t\t\t<\/div>\n\t\t\t\t<\/div>\n\t\t<div class=\"elementor-element elementor-element-5897409 e-con-full e-flex e-con e-child\" data-id=\"5897409\" data-element_type=\"container\" data-e-type=\"container\">\n\t\t\t\t<div class=\"elementor-element elementor-element-4eefc2a elementor-view-default exad-sticky-section-no exad-glass-effect-no elementor-widget elementor-widget-icon\" data-id=\"4eefc2a\" data-element_type=\"widget\" data-e-type=\"widget\" data-widget_type=\"icon.default\">\n\t\t\t\t<div class=\"elementor-widget-container\">\n\t\t\t\t\t\t\t<div class=\"elementor-icon-wrapper\">\n\t\t\t<div class=\"elementor-icon\">\n\t\t\t<svg xmlns=\"http:\/\/www.w3.org\/2000\/svg\" id=\"Layer_1\" viewBox=\"0 0 150 150\"><defs><style>      .st0 {        fill: #7bc144;      }    <\/style><\/defs><path class=\"st0\" d=\"M75,138.09c-35.79,0-64.72-29.96-63.02-66.11,1.51-32.29,27.72-58.5,60.01-60.01,36.15-1.69,66.11,27.23,66.11,63.02,0,9.22-1.95,18.12-5.79,26.43h0c-5.8-2.68-8.81-9.05-7.42-15.29.81-3.63,1.21-7.35,1.21-11.15,0-29.47-25.08-53.19-55.02-50.95-24.98,1.87-45.15,22.04-47.03,47.02-2.25,29.94,21.48,55.02,50.95,55.02,16.33,0,31.3-7.53,41.05-20.66l9.63,7.15c-11.86,15.97-30.81,25.51-50.68,25.51Z\"><\/path><polygon class=\"st0\" points=\"84.63 65.42 84.63 42.31 84.58 42.31 84.58 42.3 65.41 42.3 65.41 65.41 42.3 65.41 42.3 84.59 65.41 84.59 65.41 107.7 65.46 107.7 65.46 107.71 84.63 107.71 84.63 84.59 107.75 84.59 107.75 65.42 84.63 65.42\"><\/polygon><\/svg>\t\t\t<\/div>\n\t\t<\/div>\n\t\t\t\t\t\t<\/div>\n\t\t\t\t<\/div>\n\t\t\t\t<\/div>\n\t\t<div class=\"elementor-element elementor-element-c04aa63 e-con-full e-flex e-con e-child\" data-id=\"c04aa63\" data-element_type=\"container\" data-e-type=\"container\">\n\t\t\t\t<div class=\"elementor-element elementor-element-47041ef exad-sticky-section-no exad-glass-effect-no elementor-widget elementor-widget-heading\" data-id=\"47041ef\" data-element_type=\"widget\" data-e-type=\"widget\" data-widget_type=\"heading.default\">\n\t\t\t\t<div class=\"elementor-widget-container\">\n\t\t\t\t\t<h2 class=\"elementor-heading-title elementor-size-default\">10h<\/h2>\t\t\t\t<\/div>\n\t\t\t\t<\/div>\n\t\t\t\t<div class=\"elementor-element elementor-element-0c9fbf7 exad-sticky-section-no exad-glass-effect-no elementor-widget elementor-widget-text-editor\" data-id=\"0c9fbf7\" data-element_type=\"widget\" data-e-type=\"widget\" data-widget_type=\"text-editor.default\">\n\t\t\t\t<div class=\"elementor-widget-container\">\n\t\t\t\t\t\t\t\t\t<p>de Forma\u00e7\u00e3o na<\/p><p>\u00c1rea Sat\u00e9lite<\/p>\t\t\t\t\t\t\t\t<\/div>\n\t\t\t\t<\/div>\n\t\t\t\t<\/div>\n\t\t<div class=\"elementor-element elementor-element-96cee9a e-con-full e-flex e-con e-child\" data-id=\"96cee9a\" data-element_type=\"container\" data-e-type=\"container\">\n\t\t\t\t<div class=\"elementor-element elementor-element-a6f75c7 elementor-view-default exad-sticky-section-no exad-glass-effect-no elementor-widget elementor-widget-icon\" data-id=\"a6f75c7\" data-element_type=\"widget\" data-e-type=\"widget\" data-widget_type=\"icon.default\">\n\t\t\t\t<div class=\"elementor-widget-container\">\n\t\t\t\t\t\t\t<div class=\"elementor-icon-wrapper\">\n\t\t\t<div class=\"elementor-icon\">\n\t\t\t<svg xmlns=\"http:\/\/www.w3.org\/2000\/svg\" id=\"Layer_1\" viewBox=\"0 0 150 150\"><defs><style>      .st0 {        font-family: Arial-BoldMT, Arial;        font-size: 68.92px;        font-weight: 700;      }      .st0, .st1 {        fill: #7bc144;      }    <\/style><\/defs><path class=\"st1\" d=\"M75,138.09c-35.79,0-64.72-29.96-63.02-66.11,1.51-32.29,27.72-58.5,60.01-60.01,36.15-1.69,66.11,27.23,66.11,63.02,0,9.22-1.95,18.12-5.79,26.43h0c-5.8-2.68-8.81-9.05-7.42-15.29.81-3.63,1.21-7.35,1.21-11.15,0-29.47-25.08-53.19-55.02-50.95-24.98,1.87-45.15,22.04-47.03,47.02-2.25,29.94,21.48,55.02,50.95,55.02,16.33,0,31.3-7.53,41.05-20.66l9.63,7.15c-11.86,15.97-30.81,25.51-50.68,25.51Z\"><\/path><text class=\"st0\" transform=\"translate(32.9 91.59)\"><tspan x=\"0\" y=\"0\">ou<\/tspan><\/text><\/svg>\t\t\t<\/div>\n\t\t<\/div>\n\t\t\t\t\t\t<\/div>\n\t\t\t\t<\/div>\n\t\t\t\t<\/div>\n\t\t<div class=\"elementor-element elementor-element-f76a7b5 e-con-full e-flex e-con e-child\" data-id=\"f76a7b5\" data-element_type=\"container\" data-e-type=\"container\">\n\t\t\t\t<div class=\"elementor-element elementor-element-508075c exad-sticky-section-no exad-glass-effect-no elementor-widget elementor-widget-heading\" data-id=\"508075c\" data-element_type=\"widget\" data-e-type=\"widget\" data-widget_type=\"heading.default\">\n\t\t\t\t<div class=\"elementor-widget-container\">\n\t\t\t\t\t<h2 class=\"elementor-heading-title elementor-size-default\">40h<\/h2>\t\t\t\t<\/div>\n\t\t\t\t<\/div>\n\t\t\t\t<div class=\"elementor-element elementor-element-7a9383e exad-sticky-section-no exad-glass-effect-no elementor-widget elementor-widget-text-editor\" data-id=\"7a9383e\" data-element_type=\"widget\" data-e-type=\"widget\" data-widget_type=\"text-editor.default\">\n\t\t\t\t<div class=\"elementor-widget-container\">\n\t\t\t\t\t\t\t\t\t<p>de Forma\u00e7\u00e3o na<\/p><p>\u00c1rea Sat\u00e9lite<\/p>\t\t\t\t\t\t\t\t<\/div>\n\t\t\t\t<\/div>\n\t\t\t\t<\/div>\n\t\t\t\t\t<\/div>\n\t\t\t\t<\/div>\n\t\t\t\t<\/div>\n\t\t","protected":false},"excerpt":{"rendered":"<p>CERTIFICA\u00c7\u00c3O ANUAL FIT\u00ae Certifica\u00e7\u00e3o anual fit\u00ae O formando para obter a Certifica\u00e7\u00e3o Anual FIT\u00ae tem que concluir com sucesso, pelo menos, 30h de Forma\u00e7\u00e3o na \u00c1rea Nuclear e 10h de Forma\u00e7\u00e3o na \u00c1rea Sat\u00e9lite ou um total m\u00ednimo de 40h de Forma\u00e7\u00e3o na \u00c1rea Nuclear. No final do ano civil \u00e9 atribu\u00eddo o Certifica\u00e7\u00e3o Anual FIT\u00ae aos formandos que cumpram os crit\u00e9rios acima referidos. 30h de Forma\u00e7\u00e3o na \u00c1rea Nuclear 10h de Forma\u00e7\u00e3o na \u00c1rea Sat\u00e9lite ou 40h de Forma\u00e7\u00e3o na \u00c1rea Sat\u00e9lite<\/p>\n","protected":false},"author":4,"featured_media":0,"parent":0,"menu_order":0,"comment_status":"closed","ping_status":"closed","template":"elementor_header_footer","meta":{"footnotes":""},"class_list":["post-4675","page","type-page","status-publish"],"_links":{"self":[{"href":"https:\/\/escola.cientis.pt\/site\/FIT\/wp-json\/wp\/v2\/pages\/4675","targetHints":{"allow":["GET"]}}],"collection":[{"href":"https:\/\/escola.cientis.pt\/site\/FIT\/wp-json\/wp\/v2\/pages"}],"about":[{"href":"https:\/\/escola.cientis.pt\/site\/FIT\/wp-json\/wp\/v2\/types\/page"}],"author":[{"embeddable":true,"href":"https:\/\/escola.cientis.pt\/site\/FIT\/wp-json\/wp\/v2\/users\/4"}],"replies":[{"embeddable":true,"href":"https:\/\/escola.cientis.pt\/site\/FIT\/wp-json\/wp\/v2\/comments?post=4675"}],"version-history":[{"count":54,"href":"https:\/\/escola.cientis.pt\/site\/FIT\/wp-json\/wp\/v2\/pages\/4675\/revisions"}],"predecessor-version":[{"id":5042,"href":"https:\/\/escola.cientis.pt\/site\/FIT\/wp-json\/wp\/v2\/pages\/4675\/revisions\/5042"}],"wp:attachment":[{"href":"https:\/\/escola.cientis.pt\/site\/FIT\/wp-json\/wp\/v2\/media?parent=4675"}],"curies":[{"name":"wp","href":"https:\/\/api.w.org\/{rel}","templated":true}]}}